{"id":50,"date":"2024-05-29T13:43:10","date_gmt":"2024-05-29T11:43:10","guid":{"rendered":"https:\/\/recursive-paprika.de\/?page_id=50"},"modified":"2024-06-21T12:02:51","modified_gmt":"2024-06-21T10:02:51","slug":"impressum","status":"publish","type":"page","link":"https:\/\/recursive-paprika.de\/","title":{"rendered":""},"content":{"rendered":"\n<p style=\"text-align: center;\">\u00a0<iframe loading=\"lazy\" src=\"https:\/\/store.steampowered.com\/widget\/1355680\/\" width=\"646\" height=\"190\" frameborder=\"0\"><\/iframe><\/p>\n\n\n\n<p><\/p>\n\n\n\n<p class=\"has-text-align-center\"><strong>Impressum<\/strong><\/p>\n\n\n\n<p class=\"has-text-align-center\"><br>recursive paprika UG (haftungsbeschr\u00e4nkt)<br>Hammer str. 15A<br>45239 Essen<br>Gesch\u00e4ftsf\u00fchrer Dr. hc. Arne Alexander von Bornath<br>info@recursive-paprika.de<br>HRB 35695 Amtsgericht Essen<br><br><\/p>\n","protected":false},"excerpt":{"rendered":"<p>\u00a0 Impressum recursive paprika UG (haftungsbeschr\u00e4nkt)Hammer str. 15A45239 EssenGesch\u00e4ftsf\u00fchrer Dr. hc. Arne Alexander von Bornathinfo@recursive-paprika.deHRB 35695 Amtsgericht Essen<\/p>\n","protected":false},"author":1,"featured_media":0,"parent":0,"menu_order":0,"comment_status":"closed","ping_status":"closed","template":"full-width","meta":{"footnotes":""},"class_list":["post-50","page","type-page","status-publish","hentry"],"_links":{"self":[{"href":"https:\/\/recursive-paprika.de\/index.php?rest_route=\/wp\/v2\/pages\/50","targetHints":{"allow":["GET"]}}],"collection":[{"href":"https:\/\/recursive-paprika.de\/index.php?rest_route=\/wp\/v2\/pages"}],"about":[{"href":"https:\/\/recursive-paprika.de\/index.php?rest_route=\/wp\/v2\/types\/page"}],"author":[{"embeddable":true,"href":"https:\/\/recursive-paprika.de\/index.php?rest_route=\/wp\/v2\/users\/1"}],"replies":[{"embeddable":true,"href":"https:\/\/recursive-paprika.de\/index.php?rest_route=%2Fwp%2Fv2%2Fcomments&post=50"}],"version-history":[{"count":2,"href":"https:\/\/recursive-paprika.de\/index.php?rest_route=\/wp\/v2\/pages\/50\/revisions"}],"predecessor-version":[{"id":86,"href":"https:\/\/recursive-paprika.de\/index.php?rest_route=\/wp\/v2\/pages\/50\/revisions\/86"}],"wp:attachment":[{"href":"https:\/\/recursive-paprika.de\/index.php?rest_route=%2Fwp%2Fv2%2Fmedia&parent=50"}],"curies":[{"name":"wp","href":"https:\/\/api.w.org\/{rel}","templated":true}]}}